{"id":13608,"date":"2025-11-28T12:05:14","date_gmt":"2025-11-28T11:05:14","guid":{"rendered":"https:\/\/apintesa.com\/politica-de-cookies\/"},"modified":"2025-12-01T17:27:46","modified_gmt":"2025-12-01T16:27:46","slug":"politica-de-cookies","status":"publish","type":"page","link":"https:\/\/www.apintesa.com\/ca\/politica-de-cookies\/","title":{"rendered":"Pol\u00edtica de Cookies"},"content":{"rendered":"<style>.elementor-13608 .elementor-element.elementor-element-9ca7e6f{--display:flex;--flex-direction:column;--container-widget-width:calc( ( 1 - var( --container-widget-flex-grow ) ) * 100% );--container-widget-height:initial;--container-widget-flex-grow:0;--container-widget-align-self:initial;--flex-wrap-mobile:wrap;--align-items:center;--gap:10px 10px;--row-gap:10px;--column-gap:10px;--overlay-opacity:0.5;--padding-top:300px;--padding-bottom:0px;--padding-left:0px;--padding-right:0px;}.elementor-13608 .elementor-element.elementor-element-9ca7e6f:not(.elementor-motion-effects-element-type-background), .elementor-13608 .elementor-element.elementor-element-9ca7e6f > .elementor-motion-effects-container > .elementor-motion-effects-layer{background-image:url(\"https:\/\/www.apintesa.com\/wp-content\/uploads\/2025\/10\/closeup-of-house-painting-renovation-e1623048576255.jpg\");background-position:0px 65%;background-size:cover;}.elementor-13608 .elementor-element.elementor-element-9ca7e6f::before, .elementor-13608 .elementor-element.elementor-element-9ca7e6f > .elementor-background-video-container::before, .elementor-13608 .elementor-element.elementor-element-9ca7e6f > .e-con-inner > .elementor-background-video-container::before, .elementor-13608 .elementor-element.elementor-element-9ca7e6f > .elementor-background-slideshow::before, .elementor-13608 .elementor-element.elementor-element-9ca7e6f > .e-con-inner > .elementor-background-slideshow::before, .elementor-13608 .elementor-element.elementor-element-9ca7e6f > .elementor-motion-effects-container > .elementor-motion-effects-layer::before{--background-overlay:'';background-color:#20343F;}.elementor-13608 .elementor-element.elementor-element-baa3d1a{--display:flex;--border-radius:14px 14px 14px 0px;--padding-top:25px;--padding-bottom:25px;--padding-left:10px;--padding-right:10px;}.elementor-13608 .elementor-element.elementor-element-baa3d1a:not(.elementor-motion-effects-element-type-background), .elementor-13608 .elementor-element.elementor-element-baa3d1a > .elementor-motion-effects-container > .elementor-motion-effects-layer{background-color:#00334E;}.elementor-13608 .elementor-element.elementor-element-e70cf78{text-align:center;}.elementor-13608 .elementor-element.elementor-element-e70cf78 .elementor-heading-title{font-family:var( --e-global-typography-c4e0f3c-font-family ), Sans-serif;font-size:var( --e-global-typography-c4e0f3c-font-size );font-weight:var( --e-global-typography-c4e0f3c-font-weight );line-height:var( --e-global-typography-c4e0f3c-line-height );letter-spacing:var( --e-global-typography-c4e0f3c-letter-spacing );word-spacing:var( --e-global-typography-c4e0f3c-word-spacing );color:#FFFFFF;}.elementor-13608 .elementor-element.elementor-element-ffcadb4 .elementor-icon-list-items:not(.elementor-inline-items) .elementor-icon-list-item:not(:last-child){padding-block-end:calc(6px\/2);}.elementor-13608 .elementor-element.elementor-element-ffcadb4 .elementor-icon-list-items:not(.elementor-inline-items) .elementor-icon-list-item:not(:first-child){margin-block-start:calc(6px\/2);}.elementor-13608 .elementor-element.elementor-element-ffcadb4 .elementor-icon-list-items.elementor-inline-items .elementor-icon-list-item{margin-inline:calc(6px\/2);}.elementor-13608 .elementor-element.elementor-element-ffcadb4 .elementor-icon-list-items.elementor-inline-items{margin-inline:calc(-6px\/2);}.elementor-13608 .elementor-element.elementor-element-ffcadb4 .elementor-icon-list-items.elementor-inline-items .elementor-icon-list-item:after{inset-inline-end:calc(-6px\/2);}.elementor-13608 .elementor-element.elementor-element-ffcadb4 .elementor-icon-list-icon i{color:#EA5455;transition:color 0.3s;}.elementor-13608 .elementor-element.elementor-element-ffcadb4 .elementor-icon-list-icon svg{fill:#EA5455;transition:fill 0.3s;}.elementor-13608 .elementor-element.elementor-element-ffcadb4{--e-icon-list-icon-size:14px;--e-icon-list-icon-align:center;--e-icon-list-icon-margin:0 calc(var(--e-icon-list-icon-size, 1em) * 0.125);--icon-vertical-offset:0px;}.elementor-13608 .elementor-element.elementor-element-ffcadb4 .elementor-icon-list-icon{padding-inline-end:6px;}.elementor-13608 .elementor-element.elementor-element-ffcadb4 .elementor-icon-list-item > .elementor-icon-list-text, .elementor-13608 .elementor-element.elementor-element-ffcadb4 .elementor-icon-list-item > a{font-family:var( --e-global-typography-051329f-font-family ), Sans-serif;font-size:var( --e-global-typography-051329f-font-size );font-weight:var( --e-global-typography-051329f-font-weight );text-decoration:var( --e-global-typography-051329f-text-decoration );line-height:var( --e-global-typography-051329f-line-height );letter-spacing:var( --e-global-typography-051329f-letter-spacing );word-spacing:var( --e-global-typography-051329f-word-spacing );}.elementor-13608 .elementor-element.elementor-element-ffcadb4 .elementor-icon-list-text{color:#FFFFFF;transition:color 0.3s;}.elementor-13608 .elementor-element.elementor-element-87e9dfa{--display:flex;--flex-direction:row;--container-widget-width:calc( ( 1 - var( --container-widget-flex-grow ) ) * 100% );--container-widget-height:100%;--container-widget-flex-grow:1;--container-widget-align-self:stretch;--flex-wrap-mobile:wrap;--align-items:stretch;--padding-top:5em;--padding-bottom:3em;--padding-left:3em;--padding-right:3em;}.elementor-13608 .elementor-element.elementor-element-50feae3{--display:flex;}.elementor-13608 .elementor-element.elementor-element-9742308{font-family:var( --e-global-typography-051329f-font-family ), Sans-serif;font-size:var( --e-global-typography-051329f-font-size );font-weight:var( --e-global-typography-051329f-font-weight );text-decoration:var( --e-global-typography-051329f-text-decoration );line-height:var( --e-global-typography-051329f-line-height );letter-spacing:var( --e-global-typography-051329f-letter-spacing );word-spacing:var( --e-global-typography-051329f-word-spacing );color:#2D4059;}@media(max-width:1024px){.elementor-13608 .elementor-element.elementor-element-9ca7e6f:not(.elementor-motion-effects-element-type-background), .elementor-13608 .elementor-element.elementor-element-9ca7e6f > .elementor-motion-effects-container > .elementor-motion-effects-layer{background-position:0px 0px;}.elementor-13608 .elementor-element.elementor-element-e70cf78 .elementor-heading-title{font-size:var( --e-global-typography-c4e0f3c-font-size );line-height:var( --e-global-typography-c4e0f3c-line-height );letter-spacing:var( --e-global-typography-c4e0f3c-letter-spacing );word-spacing:var( --e-global-typography-c4e0f3c-word-spacing );}.elementor-13608 .elementor-element.elementor-element-ffcadb4 .elementor-icon-list-item > .elementor-icon-list-text, .elementor-13608 .elementor-element.elementor-element-ffcadb4 .elementor-icon-list-item > a{font-size:var( --e-global-typography-051329f-font-size );line-height:var( --e-global-typography-051329f-line-height );letter-spacing:var( --e-global-typography-051329f-letter-spacing );word-spacing:var( --e-global-typography-051329f-word-spacing );}.elementor-13608 .elementor-element.elementor-element-87e9dfa{--padding-top:2em;--padding-bottom:2em;--padding-left:2em;--padding-right:2em;}.elementor-13608 .elementor-element.elementor-element-50feae3{--margin-top:0px;--margin-bottom:30px;--margin-left:0px;--margin-right:0px;}.elementor-13608 .elementor-element.elementor-element-9742308{font-size:var( --e-global-typography-051329f-font-size );line-height:var( --e-global-typography-051329f-line-height );letter-spacing:var( --e-global-typography-051329f-letter-spacing );word-spacing:var( --e-global-typography-051329f-word-spacing );}}@media(max-width:767px){.elementor-13608 .elementor-element.elementor-element-9ca7e6f:not(.elementor-motion-effects-element-type-background), .elementor-13608 .elementor-element.elementor-element-9ca7e6f > .elementor-motion-effects-container > .elementor-motion-effects-layer{background-position:0px 0px;}.elementor-13608 .elementor-element.elementor-element-9ca7e6f{--padding-top:200px;--padding-bottom:0px;--padding-left:0px;--padding-right:0px;}.elementor-13608 .elementor-element.elementor-element-baa3d1a{--border-radius:0px 0px 0px 0px;--margin-top:0px;--margin-bottom:0px;--margin-left:0px;--margin-right:0px;}.elementor-13608 .elementor-element.elementor-element-e70cf78 .elementor-heading-title{font-size:var( --e-global-typography-c4e0f3c-font-size );line-height:var( --e-global-typography-c4e0f3c-line-height );letter-spacing:var( --e-global-typography-c4e0f3c-letter-spacing );word-spacing:var( --e-global-typography-c4e0f3c-word-spacing );}.elementor-13608 .elementor-element.elementor-element-ffcadb4{--e-icon-list-icon-size:13px;}.elementor-13608 .elementor-element.elementor-element-ffcadb4 .elementor-icon-list-item > .elementor-icon-list-text, .elementor-13608 .elementor-element.elementor-element-ffcadb4 .elementor-icon-list-item > a{font-size:var( --e-global-typography-051329f-font-size );line-height:var( --e-global-typography-051329f-line-height );letter-spacing:var( --e-global-typography-051329f-letter-spacing );word-spacing:var( --e-global-typography-051329f-word-spacing );}.elementor-13608 .elementor-element.elementor-element-87e9dfa{--padding-top:1em;--padding-bottom:1em;--padding-left:1em;--padding-right:1em;}.elementor-13608 .elementor-element.elementor-element-50feae3{--margin-top:30px;--margin-bottom:0px;--margin-left:0px;--margin-right:0px;}.elementor-13608 .elementor-element.elementor-element-9742308{font-size:var( --e-global-typography-051329f-font-size );line-height:var( --e-global-typography-051329f-line-height );letter-spacing:var( --e-global-typography-051329f-letter-spacing );word-spacing:var( --e-global-typography-051329f-word-spacing );}}@media(min-width:768px){.elementor-13608 .elementor-element.elementor-element-9ca7e6f{--content-width:1170px;}.elementor-13608 .elementor-element.elementor-element-baa3d1a{--width:60%;}.elementor-13608 .elementor-element.elementor-element-87e9dfa{--content-width:1150px;}}@media(max-width:1024px) and (min-width:768px){.elementor-13608 .elementor-element.elementor-element-50feae3{--width:100%;}}<\/style>\t\t<div data-elementor-type=\"wp-page\" data-elementor-id=\"13608\" class=\"elementor elementor-13608 elementor-13342\" data-elementor-post-type=\"page\">\n\t\t\t\t<div class=\"elementor-element elementor-element-9ca7e6f e-flex e-con-boxed e-con e-parent\" data-id=\"9ca7e6f\" data-element_type=\"container\" data-e-type=\"container\" data-settings=\"{&quot;background_background&quot;:&quot;classic&quot;}\">\n\t\t\t\t\t<div class=\"e-con-inner\">\n\t\t<div class=\"elementor-element elementor-element-baa3d1a e-con-full e-flex e-con e-child\" data-id=\"baa3d1a\" data-element_type=\"container\" data-e-type=\"container\" data-settings=\"{&quot;background_background&quot;:&quot;classic&quot;}\">\n\t\t\t\t<div class=\"elementor-element elementor-element-e70cf78 elementor-widget elementor-widget-heading\" data-id=\"e70cf78\" data-element_type=\"widget\" data-e-type=\"widget\" data-widget_type=\"heading.default\">\n\t\t\t\t\t<h1 class=\"elementor-heading-title elementor-size-default\">Pol\u00edtica de Cookies<\/h1>\t\t\t\t<\/div>\n\t\t\t\t<div class=\"elementor-element elementor-element-ffcadb4 elementor-icon-list--layout-inline elementor-align-center elementor-list-item-link-full_width elementor-widget elementor-widget-icon-list\" data-id=\"ffcadb4\" data-element_type=\"widget\" data-e-type=\"widget\" data-widget_type=\"icon-list.default\">\n\t\t\t\t\t\t\t<ul class=\"elementor-icon-list-items elementor-inline-items\">\n\t\t\t\t\t\t\t<li class=\"elementor-icon-list-item elementor-inline-item\">\n\t\t\t\t\t\t\t\t\t\t\t<a href=\"https:\/\/www.apintesa.com\/ca\/\">\n\n\t\t\t\t\t\t\t\t\t\t\t<span class=\"elementor-icon-list-text\">Home<\/span>\n\t\t\t\t\t\t\t\t\t\t\t<\/a>\n\t\t\t\t\t\t\t\t\t<\/li>\n\t\t\t\t\t\t\t\t<li class=\"elementor-icon-list-item elementor-inline-item\">\n\t\t\t\t\t\t\t\t\t\t\t<span class=\"elementor-icon-list-icon\">\n\t\t\t\t\t\t\t<svg aria-hidden=\"true\" class=\"e-font-icon-svg e-fas-chevron-right\" viewBox=\"0 0 320 512\" xmlns=\"http:\/\/www.w3.org\/2000\/svg\"><path d=\"M285.476 272.971L91.132 467.314c-9.373 9.373-24.569 9.373-33.941 0l-22.667-22.667c-9.357-9.357-9.375-24.522-.04-33.901L188.505 256 34.484 101.255c-9.335-9.379-9.317-24.544.04-33.901l22.667-22.667c9.373-9.373 24.569-9.373 33.941 0L285.475 239.03c9.373 9.372 9.373 24.568.001 33.941z\"><\/path><\/svg>\t\t\t\t\t\t<\/span>\n\t\t\t\t\t\t\t\t\t\t<span class=\"elementor-icon-list-text\">Pol\u00edtica de Cookies<\/span>\n\t\t\t\t\t\t\t\t\t<\/li>\n\t\t\t\t\t\t<\/ul>\n\t\t\t\t\t\t<\/div>\n\t\t\t\t<\/div>\n\t\t\t\t\t<\/div>\n\t\t\t\t<\/div>\n\t\t<div class=\"elementor-element elementor-element-87e9dfa e-flex e-con-boxed e-con e-parent\" data-id=\"87e9dfa\" data-element_type=\"container\" data-e-type=\"container\">\n\t\t\t\t\t<div class=\"e-con-inner\">\n\t\t<div class=\"elementor-element elementor-element-50feae3 e-con-full e-flex e-con e-child\" data-id=\"50feae3\" data-element_type=\"container\" data-e-type=\"container\">\n\t\t\t\t<div class=\"elementor-element elementor-element-9742308 elementor-widget elementor-widget-text-editor\" data-id=\"9742308\" data-element_type=\"widget\" data-e-type=\"widget\" data-widget_type=\"text-editor.default\">\n\t\t\t\t\t\t\t\t\t<p>En aquest lloc web utilitzem cookies i tecnologies similars per millorar l&#8217;experi\u00e8ncia de l&#8217;usuari, analitzar el tr\u00e0nsit i permetre certes funcionalitats essencials. A continuaci\u00f3 es detalla qu\u00e8 s\u00f3n les cookies, quins tipus existeixen, quines utilitzem i com podeu gestionar-les. <\/p><h2>1. Qu\u00e8 s\u00f3n les cookies?<\/h2><p>Les cookies s\u00f3n arxius de petita mida que es descarreguen al dispositiu de l&#8217;usuari en accedir a determinades p\u00e0gines web. Les cookies permeten, entre altres coses, emmagatzemar i recuperar informaci\u00f3 sobre els h\u00e0bits de navegaci\u00f3 de l&#8217;usuari o del seu equip i, depenent de la informaci\u00f3 que continguin i de l&#8217;\u00fas que es faci de l&#8217;equip, poden utilitzar-se per recon\u00e8ixer l&#8217;usuari. <\/p><h2>2. Quins tipus de cookies existeixen?<\/h2><p>Segons l&#8217;entitat que les gestioni, existeixen:<\/p><ul><li><strong>Cookies pr\u00f2pies:<\/strong> s&#8217;envien al dispositiu de l&#8217;usuari des d&#8217;un domini gestionat pel propi editor del web.<\/li><li><strong>Cookies de tercers:<\/strong> s&#8217;envien des d&#8217;un domini gestionat per una altra entitat que tracta les dades obtingudes.<\/li><\/ul><p>Segons la seva finalitat, les cookies poden ser:<\/p><ul><li><strong>T\u00e8cniques:<\/strong> necess\u00e0ries per a la navegaci\u00f3 i el correcte funcionament del lloc web.<\/li><li><strong>De personalitzaci\u00f3 o funcionals:<\/strong> permeten recordar prefer\u00e8ncies com l&#8217;idioma.<\/li><li><strong>Anal\u00edtiques:<\/strong> permeten mesurar el comportament dels usuaris.<\/li><li><strong>Publicit\u00e0ries:<\/strong> gestionen la freq\u00fc\u00e8ncia i rellev\u00e0ncia dels anuncis (en aquest web no s&#8217;utilitzen).<\/li><\/ul><p>Segons el termini de temps que romanen actives:<\/p><ul><li><strong>De sessi\u00f3:<\/strong> s&#8217;eliminen en tancar el navegador.<\/li><li><strong>Persistents:<\/strong> romanen al dispositiu durant un per\u00edode determinat.<\/li><\/ul><h2>3. Cookies utilitzades en aquest lloc web<\/h2><p>Aquest lloc web utilitza cookies pr\u00f2pies i de tercers per a les finalitats detallades a continuaci\u00f3.<\/p><h3>T\u00e8cniques i funcionals<\/h3><table><thead><tr><th>Propietat<\/th><th>Cookie<\/th><th>Finalitat<\/th><th>Durada<\/th><\/tr><\/thead><tbody><tr><td>WordPress<\/td><td>wp-settings-*<\/td><td>Personalitzaci\u00f3 de la interf\u00edcie d&#8217;administraci\u00f3.<\/td><td>1 any<\/td><\/tr><tr><td>WordPress<\/td><td>wp-settings-time-*<\/td><td>Emmagatzema la configuraci\u00f3 de vista de l&#8217;usuari administrador.<\/td><td>1 any<\/td><\/tr><tr><td>WPML<\/td><td>_icl_visitor_lang_js<\/td><td>Detecta l&#8217;idioma preferit de l&#8217;usuari.<\/td><td>1 dia<\/td><\/tr><tr><td>WPML<\/td><td>wpml_browser_redirect_test<\/td><td>Comprova si el navegador admet redireccions segons l&#8217;idioma.<\/td><td>Sessi\u00f3<\/td><\/tr><tr><td>GDPR Cookie Compliance<\/td><td>moove_gdpr_popup<\/td><td>Desa les prefer\u00e8ncies de consentiment de cookies de l&#8217;usuari.<\/td><td>1 any<\/td><\/tr><\/tbody><\/table><h3>Anal\u00edtiques<\/h3><table><thead><tr><th>Propietat<\/th><th>Cookie<\/th><th>Finalitat<\/th><th>Durada<\/th><\/tr><\/thead><tbody><tr><td>Google Analytics<\/td><td>_ga<\/td><td>Identifica els usuaris per a an\u00e0lisi estad\u00edstica.<\/td><td>2 anys<\/td><\/tr><tr><td>Google Analytics<\/td><td>_ga_*<\/td><td>Identifica sessions i esdeveniments de l&#8217;usuari.<\/td><td>2 anys<\/td><\/tr><tr><td>Google Analytics<\/td><td>_gid<\/td><td>Distingeix els usuaris durant 24 hores.<\/td><td>24 hores<\/td><\/tr><tr><td>Google Analytics<\/td><td>_gat<\/td><td>Limita la taxa de sol\u00b7licituds a Google Analytics.<\/td><td>1 minut<\/td><\/tr><\/tbody><\/table><h3>Publicit\u00e0ries<\/h3><p>Aquest lloc web no utilitza cookies publicit\u00e0ries.<\/p><h2>4. Gesti\u00f3 i eliminaci\u00f3 de cookies<\/h2><p>L&#8217;usuari pot permetre, bloquejar o eliminar les cookies instal\u00b7lades al seu equip mitjan\u00e7ant la configuraci\u00f3 del navegador. A continuaci\u00f3 s&#8217;ofereixen els enlla\u00e7os d&#8217;ajuda dels navegadors m\u00e9s habituals: <\/p><ul><li><a href=\"https:\/\/support.google.com\/chrome\/answer\/95647\" target=\"_blank\" rel=\"noopener\">Google Chrome<\/a><\/li><li><a href=\"https:\/\/support.mozilla.org\/es\/kb\/Deshabilitar%20cookies%20de%20terceros\" target=\"_blank\" rel=\"noopener\">Mozilla Firefox<\/a><\/li><li><a href=\"https:\/\/support.apple.com\/es-es\/HT201265\" target=\"_blank\" rel=\"noopener\">Safari<\/a><\/li><li><a href=\"https:\/\/support.microsoft.com\/es-es\/help\/4027947\/microsoft-edge-delete-cookies\" target=\"_blank\" rel=\"noopener\">Microsoft Edge<\/a><\/li><\/ul><p>Tamb\u00e9 podeu configurar o retirar el vostre consentiment directament des del nostre panell de configuraci\u00f3 de cookies accessible des del banner o des de l&#8217;enlla\u00e7 permanent &#8220;Configuraci\u00f3 de cookies&#8221;.<\/p><h2>5. Transfer\u00e8ncies internacionals de dades<\/h2><p>L&#8217;\u00fas de cookies de Google Analytics implica transfer\u00e8ncies internacionals de dades als Estats Units. Google compleix amb els marcs legals aplicables i ofereix garanties adequades segons la normativa europea. <\/p><h2>6. Actualitzaci\u00f3 de la Pol\u00edtica de cookies<\/h2><p>APINTESA, S.A. podr\u00e0 modificar aquesta Pol\u00edtica de cookies en funci\u00f3 de canvis legislatius, t\u00e8cnics o per necessitats del propi web. Es recomana a l&#8217;usuari revisar-la peri\u00f2dicament. <\/p>\t\t\t\t\t\t\t\t<\/div>\n\t\t\t\t<\/div>\n\t\t\t\t\t<\/div>\n\t\t\t\t<\/div>\n\t\t\t\t<\/div>\n\t\t","protected":false},"excerpt":{"rendered":"<p>Home En aquest lloc web utilitzem cookies i tecnologies similars per millorar l&#8217;experi\u00e8ncia de l&#8217;usuari, analitzar el tr\u00e0nsit i permetre certes funcionalitats essencials. A continuaci\u00f3 es detalla qu\u00e8 s\u00f3n les cookies, quins tipus existeixen, quines utilitzem i com podeu gestionar-les. 1. Qu\u00e8 s\u00f3n les cookies? Les cookies s\u00f3n arxius de petita mida que es descarreguen [&hellip;]<\/p>\n","protected":false},"author":1,"featured_media":0,"parent":0,"menu_order":0,"comment_status":"closed","ping_status":"closed","template":"","meta":{"footnotes":""},"class_list":["post-13608","page","type-page","status-publish","hentry"],"yoast_head":"<!-- This site is optimized with the Yoast SEO plugin v27.2 - https:\/\/yoast.com\/product\/yoast-seo-wordpress\/ -->\n<title>Pol\u00edtica de Cookies - Apintesa<\/title>\n<meta name=\"description\" content=\"En aquest lloc web utilitzem cookies i tecnologies similars per millorar l&#039;experi\u00e8ncia de l&#039;usuari, analitzar el tr\u00e0nsit i permetre certes funcionalitats essencials.\" \/>\n<meta name=\"robots\" content=\"noindex, follow\" \/>\n<meta property=\"og:locale\" content=\"ca_ES\" \/>\n<meta property=\"og:type\" content=\"article\" \/>\n<meta property=\"og:title\" content=\"Pol\u00edtica de Cookies - Apintesa\" \/>\n<meta property=\"og:description\" content=\"En aquest lloc web utilitzem cookies i tecnologies similars per millorar l&#039;experi\u00e8ncia de l&#039;usuari, analitzar el tr\u00e0nsit i permetre certes funcionalitats essencials.\" \/>\n<meta property=\"og:url\" content=\"https:\/\/www.apintesa.com\/ca\/politica-de-cookies\/\" \/>\n<meta property=\"og:site_name\" content=\"Apintesa\" \/>\n<meta property=\"article:modified_time\" content=\"2025-12-01T16:27:46+00:00\" \/>\n<meta name=\"twitter:card\" content=\"summary_large_image\" \/>\n<meta name=\"twitter:label1\" content=\"Temps estimat de lectura\" \/>\n\t<meta name=\"twitter:data1\" content=\"3 minuts\" \/>\n<script type=\"application\/ld+json\" class=\"yoast-schema-graph\">{\"@context\":\"https:\/\/schema.org\",\"@graph\":[{\"@type\":\"WebPage\",\"@id\":\"https:\/\/www.apintesa.com\/ca\/politica-de-cookies\/\",\"url\":\"https:\/\/www.apintesa.com\/ca\/politica-de-cookies\/\",\"name\":\"Pol\u00edtica de Cookies - Apintesa\",\"isPartOf\":{\"@id\":\"https:\/\/www.apintesa.com\/ca\/#website\"},\"datePublished\":\"2025-11-28T11:05:14+00:00\",\"dateModified\":\"2025-12-01T16:27:46+00:00\",\"description\":\"En aquest lloc web utilitzem cookies i tecnologies similars per millorar l'experi\u00e8ncia de l'usuari, analitzar el tr\u00e0nsit i permetre certes funcionalitats essencials.\",\"breadcrumb\":{\"@id\":\"https:\/\/www.apintesa.com\/ca\/politica-de-cookies\/#breadcrumb\"},\"inLanguage\":\"ca\",\"potentialAction\":[{\"@type\":\"ReadAction\",\"target\":[\"https:\/\/www.apintesa.com\/ca\/politica-de-cookies\/\"]}]},{\"@type\":\"BreadcrumbList\",\"@id\":\"https:\/\/www.apintesa.com\/ca\/politica-de-cookies\/#breadcrumb\",\"itemListElement\":[{\"@type\":\"ListItem\",\"position\":1,\"name\":\"Portada\",\"item\":\"https:\/\/www.apintesa.com\/ca\/inici\/\"},{\"@type\":\"ListItem\",\"position\":2,\"name\":\"Pol\u00edtica de Cookies\"}]},{\"@type\":\"WebSite\",\"@id\":\"https:\/\/www.apintesa.com\/ca\/#website\",\"url\":\"https:\/\/www.apintesa.com\/ca\/\",\"name\":\"Apintesa\",\"description\":\"Pintura industrial y decorativa\",\"potentialAction\":[{\"@type\":\"SearchAction\",\"target\":{\"@type\":\"EntryPoint\",\"urlTemplate\":\"https:\/\/www.apintesa.com\/ca\/?s={search_term_string}\"},\"query-input\":{\"@type\":\"PropertyValueSpecification\",\"valueRequired\":true,\"valueName\":\"search_term_string\"}}],\"inLanguage\":\"ca\"}]}<\/script>\n<!-- \/ Yoast SEO plugin. -->","yoast_head_json":{"title":"Pol\u00edtica de Cookies - Apintesa","description":"En aquest lloc web utilitzem cookies i tecnologies similars per millorar l'experi\u00e8ncia de l'usuari, analitzar el tr\u00e0nsit i permetre certes funcionalitats essencials.","robots":{"index":"noindex","follow":"follow"},"og_locale":"ca_ES","og_type":"article","og_title":"Pol\u00edtica de Cookies - Apintesa","og_description":"En aquest lloc web utilitzem cookies i tecnologies similars per millorar l'experi\u00e8ncia de l'usuari, analitzar el tr\u00e0nsit i permetre certes funcionalitats essencials.","og_url":"https:\/\/www.apintesa.com\/ca\/politica-de-cookies\/","og_site_name":"Apintesa","article_modified_time":"2025-12-01T16:27:46+00:00","twitter_card":"summary_large_image","twitter_misc":{"Temps estimat de lectura":"3 minuts"},"schema":{"@context":"https:\/\/schema.org","@graph":[{"@type":"WebPage","@id":"https:\/\/www.apintesa.com\/ca\/politica-de-cookies\/","url":"https:\/\/www.apintesa.com\/ca\/politica-de-cookies\/","name":"Pol\u00edtica de Cookies - Apintesa","isPartOf":{"@id":"https:\/\/www.apintesa.com\/ca\/#website"},"datePublished":"2025-11-28T11:05:14+00:00","dateModified":"2025-12-01T16:27:46+00:00","description":"En aquest lloc web utilitzem cookies i tecnologies similars per millorar l'experi\u00e8ncia de l'usuari, analitzar el tr\u00e0nsit i permetre certes funcionalitats essencials.","breadcrumb":{"@id":"https:\/\/www.apintesa.com\/ca\/politica-de-cookies\/#breadcrumb"},"inLanguage":"ca","potentialAction":[{"@type":"ReadAction","target":["https:\/\/www.apintesa.com\/ca\/politica-de-cookies\/"]}]},{"@type":"BreadcrumbList","@id":"https:\/\/www.apintesa.com\/ca\/politica-de-cookies\/#breadcrumb","itemListElement":[{"@type":"ListItem","position":1,"name":"Portada","item":"https:\/\/www.apintesa.com\/ca\/inici\/"},{"@type":"ListItem","position":2,"name":"Pol\u00edtica de Cookies"}]},{"@type":"WebSite","@id":"https:\/\/www.apintesa.com\/ca\/#website","url":"https:\/\/www.apintesa.com\/ca\/","name":"Apintesa","description":"Pintura industrial y decorativa","potentialAction":[{"@type":"SearchAction","target":{"@type":"EntryPoint","urlTemplate":"https:\/\/www.apintesa.com\/ca\/?s={search_term_string}"},"query-input":{"@type":"PropertyValueSpecification","valueRequired":true,"valueName":"search_term_string"}}],"inLanguage":"ca"}]}},"_links":{"self":[{"href":"https:\/\/www.apintesa.com\/ca\/wp-json\/wp\/v2\/pages\/13608","targetHints":{"allow":["GET"]}}],"collection":[{"href":"https:\/\/www.apintesa.com\/ca\/wp-json\/wp\/v2\/pages"}],"about":[{"href":"https:\/\/www.apintesa.com\/ca\/wp-json\/wp\/v2\/types\/page"}],"author":[{"embeddable":true,"href":"https:\/\/www.apintesa.com\/ca\/wp-json\/wp\/v2\/users\/1"}],"replies":[{"embeddable":true,"href":"https:\/\/www.apintesa.com\/ca\/wp-json\/wp\/v2\/comments?post=13608"}],"version-history":[{"count":0,"href":"https:\/\/www.apintesa.com\/ca\/wp-json\/wp\/v2\/pages\/13608\/revisions"}],"wp:attachment":[{"href":"https:\/\/www.apintesa.com\/ca\/wp-json\/wp\/v2\/media?parent=13608"}],"curies":[{"name":"wp","href":"https:\/\/api.w.org\/{rel}","templated":true}]}}