{"id":13604,"date":"2025-11-28T11:18:29","date_gmt":"2025-11-28T10:18:29","guid":{"rendered":"https:\/\/apintesa.com\/avis-legal\/"},"modified":"2025-11-28T13:47:54","modified_gmt":"2025-11-28T12:47:54","slug":"avis-legal","status":"publish","type":"page","link":"https:\/\/www.apintesa.com\/ca\/avis-legal\/","title":{"rendered":"Av\u00eds Legal"},"content":{"rendered":"<style>.elementor-13604 .elementor-element.elementor-element-08c5361{--display:flex;--flex-direction:column;--container-widget-width:calc( ( 1 - var( --container-widget-flex-grow ) ) * 100% );--container-widget-height:initial;--container-widget-flex-grow:0;--container-widget-align-self:initial;--flex-wrap-mobile:wrap;--align-items:center;--gap:10px 10px;--row-gap:10px;--column-gap:10px;--overlay-opacity:0.5;--padding-top:300px;--padding-bottom:0px;--padding-left:0px;--padding-right:0px;}.elementor-13604 .elementor-element.elementor-element-08c5361:not(.elementor-motion-effects-element-type-background), .elementor-13604 .elementor-element.elementor-element-08c5361 > .elementor-motion-effects-container > .elementor-motion-effects-layer{background-image:url(\"https:\/\/www.apintesa.com\/wp-content\/uploads\/2025\/10\/closeup-of-house-painting-renovation-e1623048576255.jpg\");background-position:0px 65%;background-size:cover;}.elementor-13604 .elementor-element.elementor-element-08c5361::before, .elementor-13604 .elementor-element.elementor-element-08c5361 > .elementor-background-video-container::before, .elementor-13604 .elementor-element.elementor-element-08c5361 > .e-con-inner > .elementor-background-video-container::before, .elementor-13604 .elementor-element.elementor-element-08c5361 > .elementor-background-slideshow::before, .elementor-13604 .elementor-element.elementor-element-08c5361 > .e-con-inner > .elementor-background-slideshow::before, .elementor-13604 .elementor-element.elementor-element-08c5361 > .elementor-motion-effects-container > .elementor-motion-effects-layer::before{--background-overlay:'';background-color:#20343F;}.elementor-13604 .elementor-element.elementor-element-6dba8eb{--display:flex;--border-radius:14px 14px 14px 0px;--padding-top:25px;--padding-bottom:25px;--padding-left:10px;--padding-right:10px;}.elementor-13604 .elementor-element.elementor-element-6dba8eb:not(.elementor-motion-effects-element-type-background), .elementor-13604 .elementor-element.elementor-element-6dba8eb > .elementor-motion-effects-container > .elementor-motion-effects-layer{background-color:#00334E;}.elementor-13604 .elementor-element.elementor-element-6c66561{text-align:center;}.elementor-13604 .elementor-element.elementor-element-6c66561 .elementor-heading-title{font-family:var( --e-global-typography-c4e0f3c-font-family ), Sans-serif;font-size:var( --e-global-typography-c4e0f3c-font-size );font-weight:var( --e-global-typography-c4e0f3c-font-weight );line-height:var( --e-global-typography-c4e0f3c-line-height );letter-spacing:var( --e-global-typography-c4e0f3c-letter-spacing );word-spacing:var( --e-global-typography-c4e0f3c-word-spacing );color:#FFFFFF;}.elementor-13604 .elementor-element.elementor-element-4d074e9 .elementor-icon-list-items:not(.elementor-inline-items) .elementor-icon-list-item:not(:last-child){padding-block-end:calc(6px\/2);}.elementor-13604 .elementor-element.elementor-element-4d074e9 .elementor-icon-list-items:not(.elementor-inline-items) .elementor-icon-list-item:not(:first-child){margin-block-start:calc(6px\/2);}.elementor-13604 .elementor-element.elementor-element-4d074e9 .elementor-icon-list-items.elementor-inline-items .elementor-icon-list-item{margin-inline:calc(6px\/2);}.elementor-13604 .elementor-element.elementor-element-4d074e9 .elementor-icon-list-items.elementor-inline-items{margin-inline:calc(-6px\/2);}.elementor-13604 .elementor-element.elementor-element-4d074e9 .elementor-icon-list-items.elementor-inline-items .elementor-icon-list-item:after{inset-inline-end:calc(-6px\/2);}.elementor-13604 .elementor-element.elementor-element-4d074e9 .elementor-icon-list-icon i{color:#EA5455;transition:color 0.3s;}.elementor-13604 .elementor-element.elementor-element-4d074e9 .elementor-icon-list-icon svg{fill:#EA5455;transition:fill 0.3s;}.elementor-13604 .elementor-element.elementor-element-4d074e9{--e-icon-list-icon-size:14px;--e-icon-list-icon-align:center;--e-icon-list-icon-margin:0 calc(var(--e-icon-list-icon-size, 1em) * 0.125);--icon-vertical-offset:0px;}.elementor-13604 .elementor-element.elementor-element-4d074e9 .elementor-icon-list-icon{padding-inline-end:6px;}.elementor-13604 .elementor-element.elementor-element-4d074e9 .elementor-icon-list-item > .elementor-icon-list-text, .elementor-13604 .elementor-element.elementor-element-4d074e9 .elementor-icon-list-item > a{font-family:var( --e-global-typography-051329f-font-family ), Sans-serif;font-size:var( --e-global-typography-051329f-font-size );font-weight:var( --e-global-typography-051329f-font-weight );text-decoration:var( --e-global-typography-051329f-text-decoration );line-height:var( --e-global-typography-051329f-line-height );letter-spacing:var( --e-global-typography-051329f-letter-spacing );word-spacing:var( --e-global-typography-051329f-word-spacing );}.elementor-13604 .elementor-element.elementor-element-4d074e9 .elementor-icon-list-text{color:#FFFFFF;transition:color 0.3s;}.elementor-13604 .elementor-element.elementor-element-21ef863{--display:flex;--flex-direction:row;--container-widget-width:calc( ( 1 - var( --container-widget-flex-grow ) ) * 100% );--container-widget-height:100%;--container-widget-flex-grow:1;--container-widget-align-self:stretch;--flex-wrap-mobile:wrap;--align-items:stretch;--padding-top:5em;--padding-bottom:3em;--padding-left:3em;--padding-right:3em;}.elementor-13604 .elementor-element.elementor-element-4c49fad{--display:flex;}.elementor-13604 .elementor-element.elementor-element-98a8712{font-family:var( --e-global-typography-051329f-font-family ), Sans-serif;font-size:var( --e-global-typography-051329f-font-size );font-weight:var( --e-global-typography-051329f-font-weight );text-decoration:var( --e-global-typography-051329f-text-decoration );line-height:var( --e-global-typography-051329f-line-height );letter-spacing:var( --e-global-typography-051329f-letter-spacing );word-spacing:var( --e-global-typography-051329f-word-spacing );color:#2D4059;}@media(max-width:1024px){.elementor-13604 .elementor-element.elementor-element-08c5361:not(.elementor-motion-effects-element-type-background), .elementor-13604 .elementor-element.elementor-element-08c5361 > .elementor-motion-effects-container > .elementor-motion-effects-layer{background-position:0px 0px;}.elementor-13604 .elementor-element.elementor-element-6c66561 .elementor-heading-title{font-size:var( --e-global-typography-c4e0f3c-font-size );line-height:var( --e-global-typography-c4e0f3c-line-height );letter-spacing:var( --e-global-typography-c4e0f3c-letter-spacing );word-spacing:var( --e-global-typography-c4e0f3c-word-spacing );}.elementor-13604 .elementor-element.elementor-element-4d074e9 .elementor-icon-list-item > .elementor-icon-list-text, .elementor-13604 .elementor-element.elementor-element-4d074e9 .elementor-icon-list-item > a{font-size:var( --e-global-typography-051329f-font-size );line-height:var( --e-global-typography-051329f-line-height );letter-spacing:var( --e-global-typography-051329f-letter-spacing );word-spacing:var( --e-global-typography-051329f-word-spacing );}.elementor-13604 .elementor-element.elementor-element-21ef863{--padding-top:2em;--padding-bottom:2em;--padding-left:2em;--padding-right:2em;}.elementor-13604 .elementor-element.elementor-element-4c49fad{--margin-top:0px;--margin-bottom:30px;--margin-left:0px;--margin-right:0px;}.elementor-13604 .elementor-element.elementor-element-98a8712{font-size:var( --e-global-typography-051329f-font-size );line-height:var( --e-global-typography-051329f-line-height );letter-spacing:var( --e-global-typography-051329f-letter-spacing );word-spacing:var( --e-global-typography-051329f-word-spacing );}}@media(max-width:767px){.elementor-13604 .elementor-element.elementor-element-08c5361:not(.elementor-motion-effects-element-type-background), .elementor-13604 .elementor-element.elementor-element-08c5361 > .elementor-motion-effects-container > .elementor-motion-effects-layer{background-position:0px 0px;}.elementor-13604 .elementor-element.elementor-element-08c5361{--padding-top:200px;--padding-bottom:0px;--padding-left:0px;--padding-right:0px;}.elementor-13604 .elementor-element.elementor-element-6dba8eb{--border-radius:0px 0px 0px 0px;--margin-top:0px;--margin-bottom:0px;--margin-left:0px;--margin-right:0px;}.elementor-13604 .elementor-element.elementor-element-6c66561 .elementor-heading-title{font-size:var( --e-global-typography-c4e0f3c-font-size );line-height:var( --e-global-typography-c4e0f3c-line-height );letter-spacing:var( --e-global-typography-c4e0f3c-letter-spacing );word-spacing:var( --e-global-typography-c4e0f3c-word-spacing );}.elementor-13604 .elementor-element.elementor-element-4d074e9{--e-icon-list-icon-size:13px;}.elementor-13604 .elementor-element.elementor-element-4d074e9 .elementor-icon-list-item > .elementor-icon-list-text, .elementor-13604 .elementor-element.elementor-element-4d074e9 .elementor-icon-list-item > a{font-size:var( --e-global-typography-051329f-font-size );line-height:var( --e-global-typography-051329f-line-height );letter-spacing:var( --e-global-typography-051329f-letter-spacing );word-spacing:var( --e-global-typography-051329f-word-spacing );}.elementor-13604 .elementor-element.elementor-element-21ef863{--padding-top:1em;--padding-bottom:1em;--padding-left:1em;--padding-right:1em;}.elementor-13604 .elementor-element.elementor-element-4c49fad{--margin-top:30px;--margin-bottom:0px;--margin-left:0px;--margin-right:0px;}.elementor-13604 .elementor-element.elementor-element-98a8712{font-size:var( --e-global-typography-051329f-font-size );line-height:var( --e-global-typography-051329f-line-height );letter-spacing:var( --e-global-typography-051329f-letter-spacing );word-spacing:var( --e-global-typography-051329f-word-spacing );}}@media(min-width:768px){.elementor-13604 .elementor-element.elementor-element-08c5361{--content-width:1170px;}.elementor-13604 .elementor-element.elementor-element-6dba8eb{--width:60%;}.elementor-13604 .elementor-element.elementor-element-21ef863{--content-width:1150px;}}@media(max-width:1024px) and (min-width:768px){.elementor-13604 .elementor-element.elementor-element-4c49fad{--width:100%;}}<\/style>\t\t<div data-elementor-type=\"wp-page\" data-elementor-id=\"13604\" class=\"elementor elementor-13604 elementor-13310\" data-elementor-post-type=\"page\">\n\t\t\t\t<div class=\"elementor-element elementor-element-08c5361 e-flex e-con-boxed e-con e-parent\" data-id=\"08c5361\" data-element_type=\"container\" data-e-type=\"container\" data-settings=\"{&quot;background_background&quot;:&quot;classic&quot;}\">\n\t\t\t\t\t<div class=\"e-con-inner\">\n\t\t<div class=\"elementor-element elementor-element-6dba8eb e-con-full e-flex e-con e-child\" data-id=\"6dba8eb\" data-element_type=\"container\" data-e-type=\"container\" data-settings=\"{&quot;background_background&quot;:&quot;classic&quot;}\">\n\t\t\t\t<div class=\"elementor-element elementor-element-6c66561 elementor-widget elementor-widget-heading\" data-id=\"6c66561\" data-element_type=\"widget\" data-e-type=\"widget\" data-widget_type=\"heading.default\">\n\t\t\t\t\t<h1 class=\"elementor-heading-title elementor-size-default\">Av\u00eds Legal<\/h1>\t\t\t\t<\/div>\n\t\t\t\t<div class=\"elementor-element elementor-element-4d074e9 elementor-icon-list--layout-inline elementor-align-center elementor-list-item-link-full_width elementor-widget elementor-widget-icon-list\" data-id=\"4d074e9\" data-element_type=\"widget\" data-e-type=\"widget\" data-widget_type=\"icon-list.default\">\n\t\t\t\t\t\t\t<ul class=\"elementor-icon-list-items elementor-inline-items\">\n\t\t\t\t\t\t\t<li class=\"elementor-icon-list-item elementor-inline-item\">\n\t\t\t\t\t\t\t\t\t\t\t<a href=\"https:\/\/www.apintesa.com\/ca\/\">\n\n\t\t\t\t\t\t\t\t\t\t\t<span class=\"elementor-icon-list-text\">Home<\/span>\n\t\t\t\t\t\t\t\t\t\t\t<\/a>\n\t\t\t\t\t\t\t\t\t<\/li>\n\t\t\t\t\t\t\t\t<li class=\"elementor-icon-list-item elementor-inline-item\">\n\t\t\t\t\t\t\t\t\t\t\t<span class=\"elementor-icon-list-icon\">\n\t\t\t\t\t\t\t<svg aria-hidden=\"true\" class=\"e-font-icon-svg e-fas-chevron-right\" viewBox=\"0 0 320 512\" xmlns=\"http:\/\/www.w3.org\/2000\/svg\"><path d=\"M285.476 272.971L91.132 467.314c-9.373 9.373-24.569 9.373-33.941 0l-22.667-22.667c-9.357-9.357-9.375-24.522-.04-33.901L188.505 256 34.484 101.255c-9.335-9.379-9.317-24.544.04-33.901l22.667-22.667c9.373-9.373 24.569-9.373 33.941 0L285.475 239.03c9.373 9.372 9.373 24.568.001 33.941z\"><\/path><\/svg>\t\t\t\t\t\t<\/span>\n\t\t\t\t\t\t\t\t\t\t<span class=\"elementor-icon-list-text\">Av\u00eds Legal<\/span>\n\t\t\t\t\t\t\t\t\t<\/li>\n\t\t\t\t\t\t<\/ul>\n\t\t\t\t\t\t<\/div>\n\t\t\t\t<\/div>\n\t\t\t\t\t<\/div>\n\t\t\t\t<\/div>\n\t\t<div class=\"elementor-element elementor-element-21ef863 e-flex e-con-boxed e-con e-parent\" data-id=\"21ef863\" data-element_type=\"container\" data-e-type=\"container\">\n\t\t\t\t\t<div class=\"e-con-inner\">\n\t\t<div class=\"elementor-element elementor-element-4c49fad e-con-full e-flex e-con e-child\" data-id=\"4c49fad\" data-element_type=\"container\" data-e-type=\"container\">\n\t\t\t\t<div class=\"elementor-element elementor-element-98a8712 elementor-widget elementor-widget-text-editor\" data-id=\"98a8712\" data-element_type=\"widget\" data-e-type=\"widget\" data-widget_type=\"text-editor.default\">\n\t\t\t\t\t\t\t\t\t<p>D&#8217;acord amb el que estableix l&#8217;article 10 de la Llei 34\/2002, d&#8217;11 de juliol, de Serveis de la Societat de la Informaci\u00f3 i de Comer\u00e7 Electr\u00f2nic (LSSI-CE), s&#8217;informa de les seg\u00fcents dades identificatives del titular d&#8217;aquest lloc web:<\/p><h2>1. Titular del lloc web<\/h2><p><strong>Ra\u00f3 social:<\/strong> APINTESA, S.A.<br><strong>CIF\/NIF:<\/strong> A62169727<br><strong>Denominaci\u00f3 comercial:<\/strong> APINTESA<br><strong>Domicili social \/ fiscal:<\/strong> Passeig Europa, 42, Local \u2013 08397 Pineda de Mar (Barcelona)<br><strong>Correu electr\u00f2nic:<\/strong> <a href=\"mailto:apintesa@apintesa.com\">apintesa@apintesa.com<\/a><br><strong>Tel\u00e8fon:<\/strong> +34 937 663 058<br><strong>Domini web:<\/strong> <a href=\"https:\/\/www.apintesa.com\">www.apintesa.com<\/a><br><strong>Registre Mercantil:<\/strong> Inscrita al Registre Mercantil de Barcelona, IRUS: 1000345763780, Full 0.<\/p><p>La present informaci\u00f3 regula les condicions d&#8217;\u00fas, les limitacions de responsabilitat i les obligacions que els usuaris del lloc web publicat sota el domini <a href=\"https:\/\/www.apintesa.com\">www.apintesa.com<\/a> assumeixen i es comprometen a respectar.<\/p><h2>2. Condicions d&#8217;\u00fas<\/h2><p>L&#8217;acc\u00e9s i \u00fas d&#8217;aquest lloc web atribueix la condici\u00f3 d&#8217;usuari, que accepta des d&#8217;aquest acc\u00e9s les presents condicions d&#8217;\u00fas. Si l&#8217;usuari no hi estigu\u00e9s conforme, haur\u00e0 d&#8217;abstenir-se d&#8217;utilitzar aquesta p\u00e0gina web. L&#8217;usuari es compromet a fer un \u00fas adequat del lloc web i dels seus continguts, de conformitat amb la legislaci\u00f3 vigent, el present Av\u00eds legal, la bona fe i l&#8217;ordre p\u00fablic. Aix\u00ed mateix, es compromet a no utilitzar el lloc web amb finalitats il\u00b7l\u00edcites o lesives per a APINTESA o tercers, ni de manera que pugui danyar, inutilitzar o impedir el normal funcionament del lloc.   <\/p><p>L&#8217;usuari s&#8217;obliga a no transmetre o posar a disposici\u00f3 de tercers continguts protegits per drets de propietat intel\u00b7lectual o industrial, informaci\u00f3, dades, arxius de so o imatge, programari, logotips, marques, icones, tecnologia, dissenys gr\u00e0fics, codi font o qualsevol altre material al qual tingu\u00e9s acc\u00e9s a trav\u00e9s del lloc web, sense l&#8217;autoritzaci\u00f3 del titular dels corresponents drets.<\/p><h2>3. Propietat intel\u00b7lectual i industrial<\/h2><p>Tots els signes distintius, marques, noms comercials, dissenys i continguts del lloc web s\u00f3n propietat d&#8217;APINTESA, S.A. o de tercers que han autoritzat el seu \u00fas. L&#8217;acc\u00e9s al lloc web no atorga a l&#8217;usuari cap dret sobre aquests. Queda prohibida la reproducci\u00f3, distribuci\u00f3, comunicaci\u00f3 p\u00fablica, transformaci\u00f3 o qualsevol altra forma d&#8217;explotaci\u00f3 total o parcial sense autoritzaci\u00f3 pr\u00e8via i per escrit dels titulars corresponents.  <\/p><h2>4. Pol\u00edtica d&#8217;enlla\u00e7os<\/h2><p>L&#8217;exist\u00e8ncia d&#8217;enlla\u00e7os cap al lloc web d&#8217;APINTESA no implica relaci\u00f3, col\u00b7laboraci\u00f3 o depend\u00e8ncia entre APINTESA i el titular del lloc des del qual s&#8217;estableixi l&#8217;enlla\u00e7. Qualsevol enlla\u00e7 haur\u00e0 de dirigir a la p\u00e0gina principal del lloc web, quedant prohibit l&#8217;\u00fas de t\u00e8cniques com &#8220;framing&#8221; o enlla\u00e7os profunds. La p\u00e0gina que inclogui l&#8217;enlla\u00e7 no podr\u00e0 contenir informacions o continguts il\u00b7l\u00edcits, contraris a la moral o a l&#8217;ordre p\u00fablic.  <\/p><p>El lloc web d&#8217;APINTESA pot contenir enlla\u00e7os a p\u00e0gines de tercers. APINTESA actua com a prestador de serveis d&#8217;intermediaci\u00f3 conforme a l&#8217;article 17 de la LSSI-CE i nom\u00e9s ser\u00e0 responsable dels continguts de tercers si, tenint coneixement efectiu de la seva il\u00b7licitud, no desactiv\u00e9s l&#8217;enlla\u00e7 amb la dilig\u00e8ncia deguda. <\/p><h2>5. Xarxes socials oficials<\/h2><p>APINTESA pot disposar de perfils corporatius a xarxes socials. El tractament de les dades dels usuaris que es facin seguidors d&#8217;aquests perfils es regir\u00e0 per les condicions d&#8217;\u00fas, pol\u00edtiques de privacitat i normes de funcionament pr\u00f2pies de cada plataforma. L&#8217;usuari \u00e9s responsable de l&#8217;\u00fas adequat d&#8217;aquests espais i de la informaci\u00f3 que comparteixi a trav\u00e9s d&#8217;ells.  <\/p><h2>6. Exempci\u00f3 de responsabilitats<\/h2><p>APINTESA, S.A. no garanteix la inexist\u00e8ncia d&#8217;errors en l&#8217;acc\u00e9s al lloc web, en el seu contingut ni en la seva actualitzaci\u00f3, tot i que es compromet a realitzar els esfor\u00e7os necessaris per evitar-los i corregir-los. Tampoc garanteix la disponibilitat i continu\u00eftat del funcionament del lloc web i exclou qualsevol responsabilitat per danys derivats de l&#8217;\u00fas del lloc, la impossibilitat d&#8217;acc\u00e9s o la pres\u00e8ncia de virus o altres elements nocius en els continguts. <\/p><p>APINTESA, S.A. no es fa responsable dels danys que poguessin derivar-se de decisions preses a partir de la informaci\u00f3 subministrada al lloc web, dels continguts oferts per tercers des d&#8217;enlla\u00e7os externs, ni de la vulneraci\u00f3 dels sistemes de seguretat del lloc per part de tercers.<\/p><p>APINTESA es reserva el dret a modificar, actualitzar o eliminar la informaci\u00f3 del lloc web, la seva configuraci\u00f3 o presentaci\u00f3 en qualsevol moment sense necessitat de previ av\u00eds.<\/p><h2>7. Protecci\u00f3 de dades personals<\/h2><p>El tractament de les dades personals derivats de l&#8217;\u00fas d&#8217;aquest lloc web es regeix pel que disposa la <a href=\"https:\/\/apintesa.com\/ca\/politica-de-privacitat\/\">Pol\u00edtica de privacitat<\/a>, disponible en aquest web.<\/p><h2>8. \u00das de cookies<\/h2><p>L&#8217;\u00fas de cookies en aquest lloc web es regula en la corresponent <a href=\"https:\/\/apintesa.com\/politica-de-cookies\/\">Pol\u00edtica de cookies<\/a>, disponible per a l&#8217;usuari.<\/p><h2>9. Legislaci\u00f3 aplicable i jurisdicci\u00f3<\/h2><p>La relaci\u00f3 entre APINTESA, S.A. i l&#8217;usuari es regir\u00e0 per la normativa espanyola vigent. Per a la resoluci\u00f3 de qualsevol conflicte derivat de l&#8217;acc\u00e9s o \u00fas del lloc web, ambdues parts se sotmeten als Jutjats i Tribunals del domicili del titular del lloc web (Pineda de Mar, Barcelona), llevat que la normativa en mat\u00e8ria de consumidors disposi el contrari. <\/p>\t\t\t\t\t\t\t\t<\/div>\n\t\t\t\t<\/div>\n\t\t\t\t\t<\/div>\n\t\t\t\t<\/div>\n\t\t\t\t<\/div>\n\t\t","protected":false},"excerpt":{"rendered":"<p>Home D&#8217;acord amb el que estableix l&#8217;article 10 de la Llei 34\/2002, d&#8217;11 de juliol, de Serveis de la Societat de la Informaci\u00f3 i de Comer\u00e7 Electr\u00f2nic (LSSI-CE), s&#8217;informa de les seg\u00fcents dades identificatives del titular d&#8217;aquest lloc web: 1. Titular del lloc web Ra\u00f3 social: APINTESA, S.A.CIF\/NIF: A62169727Denominaci\u00f3 comercial: APINTESADomicili social \/ fiscal: Passeig [&hellip;]<\/p>\n","protected":false},"author":1,"featured_media":0,"parent":0,"menu_order":0,"comment_status":"closed","ping_status":"closed","template":"","meta":{"footnotes":""},"class_list":["post-13604","page","type-page","status-publish","hentry"],"yoast_head":"<!-- This site is optimized with the Yoast SEO plugin v27.2 - https:\/\/yoast.com\/product\/yoast-seo-wordpress\/ -->\n<title>Av\u00eds Legal - Apintesa<\/title>\n<meta name=\"description\" content=\"APINTESA, S.A. - CIF\/NIF: A62169727. Passeig Europa, 42, Local \u2013 08397 Pineda de Mar (Barcelona). Tel\u00e8fon: +34 937 663 058\" \/>\n<meta name=\"robots\" content=\"noindex, follow\" \/>\n<meta property=\"og:locale\" content=\"ca_ES\" \/>\n<meta property=\"og:type\" content=\"article\" \/>\n<meta property=\"og:title\" content=\"Av\u00eds Legal - Apintesa\" \/>\n<meta property=\"og:description\" content=\"APINTESA, S.A. - CIF\/NIF: A62169727. Passeig Europa, 42, Local \u2013 08397 Pineda de Mar (Barcelona). Tel\u00e8fon: +34 937 663 058\" \/>\n<meta property=\"og:url\" content=\"https:\/\/www.apintesa.com\/ca\/avis-legal\/\" \/>\n<meta property=\"og:site_name\" content=\"Apintesa\" \/>\n<meta property=\"article:modified_time\" content=\"2025-11-28T12:47:54+00:00\" \/>\n<meta name=\"twitter:card\" content=\"summary_large_image\" \/>\n<meta name=\"twitter:label1\" content=\"Temps estimat de lectura\" \/>\n\t<meta name=\"twitter:data1\" content=\"4 minuts\" \/>\n<script type=\"application\/ld+json\" class=\"yoast-schema-graph\">{\"@context\":\"https:\/\/schema.org\",\"@graph\":[{\"@type\":\"WebPage\",\"@id\":\"https:\/\/www.apintesa.com\/ca\/avis-legal\/\",\"url\":\"https:\/\/www.apintesa.com\/ca\/avis-legal\/\",\"name\":\"Av\u00eds Legal - Apintesa\",\"isPartOf\":{\"@id\":\"https:\/\/www.apintesa.com\/ca\/#website\"},\"datePublished\":\"2025-11-28T10:18:29+00:00\",\"dateModified\":\"2025-11-28T12:47:54+00:00\",\"description\":\"APINTESA, S.A. - CIF\/NIF: A62169727. Passeig Europa, 42, Local \u2013 08397 Pineda de Mar (Barcelona). Tel\u00e8fon: +34 937 663 058\",\"breadcrumb\":{\"@id\":\"https:\/\/www.apintesa.com\/ca\/avis-legal\/#breadcrumb\"},\"inLanguage\":\"ca\",\"potentialAction\":[{\"@type\":\"ReadAction\",\"target\":[\"https:\/\/www.apintesa.com\/ca\/avis-legal\/\"]}]},{\"@type\":\"BreadcrumbList\",\"@id\":\"https:\/\/www.apintesa.com\/ca\/avis-legal\/#breadcrumb\",\"itemListElement\":[{\"@type\":\"ListItem\",\"position\":1,\"name\":\"Portada\",\"item\":\"https:\/\/www.apintesa.com\/ca\/inici\/\"},{\"@type\":\"ListItem\",\"position\":2,\"name\":\"Av\u00eds Legal\"}]},{\"@type\":\"WebSite\",\"@id\":\"https:\/\/www.apintesa.com\/ca\/#website\",\"url\":\"https:\/\/www.apintesa.com\/ca\/\",\"name\":\"Apintesa\",\"description\":\"Pintura industrial y decorativa\",\"potentialAction\":[{\"@type\":\"SearchAction\",\"target\":{\"@type\":\"EntryPoint\",\"urlTemplate\":\"https:\/\/www.apintesa.com\/ca\/?s={search_term_string}\"},\"query-input\":{\"@type\":\"PropertyValueSpecification\",\"valueRequired\":true,\"valueName\":\"search_term_string\"}}],\"inLanguage\":\"ca\"}]}<\/script>\n<!-- \/ Yoast SEO plugin. -->","yoast_head_json":{"title":"Av\u00eds Legal - Apintesa","description":"APINTESA, S.A. - CIF\/NIF: A62169727. Passeig Europa, 42, Local \u2013 08397 Pineda de Mar (Barcelona). Tel\u00e8fon: +34 937 663 058","robots":{"index":"noindex","follow":"follow"},"og_locale":"ca_ES","og_type":"article","og_title":"Av\u00eds Legal - Apintesa","og_description":"APINTESA, S.A. - CIF\/NIF: A62169727. Passeig Europa, 42, Local \u2013 08397 Pineda de Mar (Barcelona). Tel\u00e8fon: +34 937 663 058","og_url":"https:\/\/www.apintesa.com\/ca\/avis-legal\/","og_site_name":"Apintesa","article_modified_time":"2025-11-28T12:47:54+00:00","twitter_card":"summary_large_image","twitter_misc":{"Temps estimat de lectura":"4 minuts"},"schema":{"@context":"https:\/\/schema.org","@graph":[{"@type":"WebPage","@id":"https:\/\/www.apintesa.com\/ca\/avis-legal\/","url":"https:\/\/www.apintesa.com\/ca\/avis-legal\/","name":"Av\u00eds Legal - Apintesa","isPartOf":{"@id":"https:\/\/www.apintesa.com\/ca\/#website"},"datePublished":"2025-11-28T10:18:29+00:00","dateModified":"2025-11-28T12:47:54+00:00","description":"APINTESA, S.A. - CIF\/NIF: A62169727. Passeig Europa, 42, Local \u2013 08397 Pineda de Mar (Barcelona). Tel\u00e8fon: +34 937 663 058","breadcrumb":{"@id":"https:\/\/www.apintesa.com\/ca\/avis-legal\/#breadcrumb"},"inLanguage":"ca","potentialAction":[{"@type":"ReadAction","target":["https:\/\/www.apintesa.com\/ca\/avis-legal\/"]}]},{"@type":"BreadcrumbList","@id":"https:\/\/www.apintesa.com\/ca\/avis-legal\/#breadcrumb","itemListElement":[{"@type":"ListItem","position":1,"name":"Portada","item":"https:\/\/www.apintesa.com\/ca\/inici\/"},{"@type":"ListItem","position":2,"name":"Av\u00eds Legal"}]},{"@type":"WebSite","@id":"https:\/\/www.apintesa.com\/ca\/#website","url":"https:\/\/www.apintesa.com\/ca\/","name":"Apintesa","description":"Pintura industrial y decorativa","potentialAction":[{"@type":"SearchAction","target":{"@type":"EntryPoint","urlTemplate":"https:\/\/www.apintesa.com\/ca\/?s={search_term_string}"},"query-input":{"@type":"PropertyValueSpecification","valueRequired":true,"valueName":"search_term_string"}}],"inLanguage":"ca"}]}},"_links":{"self":[{"href":"https:\/\/www.apintesa.com\/ca\/wp-json\/wp\/v2\/pages\/13604","targetHints":{"allow":["GET"]}}],"collection":[{"href":"https:\/\/www.apintesa.com\/ca\/wp-json\/wp\/v2\/pages"}],"about":[{"href":"https:\/\/www.apintesa.com\/ca\/wp-json\/wp\/v2\/types\/page"}],"author":[{"embeddable":true,"href":"https:\/\/www.apintesa.com\/ca\/wp-json\/wp\/v2\/users\/1"}],"replies":[{"embeddable":true,"href":"https:\/\/www.apintesa.com\/ca\/wp-json\/wp\/v2\/comments?post=13604"}],"version-history":[{"count":0,"href":"https:\/\/www.apintesa.com\/ca\/wp-json\/wp\/v2\/pages\/13604\/revisions"}],"wp:attachment":[{"href":"https:\/\/www.apintesa.com\/ca\/wp-json\/wp\/v2\/media?parent=13604"}],"curies":[{"name":"wp","href":"https:\/\/api.w.org\/{rel}","templated":true}]}}