{"id":13533,"date":"2025-11-28T11:54:59","date_gmt":"2025-11-28T10:54:59","guid":{"rendered":"https:\/\/apintesa.com\/politica-de-privacitat\/"},"modified":"2025-11-28T13:47:36","modified_gmt":"2025-11-28T12:47:36","slug":"politica-de-privacitat","status":"publish","type":"page","link":"https:\/\/www.apintesa.com\/ca\/politica-de-privacitat\/","title":{"rendered":"Pol\u00edtica de Privacitat"},"content":{"rendered":"<style>.elementor-13533 .elementor-element.elementor-element-26cff47{--display:flex;--flex-direction:column;--container-widget-width:calc( ( 1 - var( --container-widget-flex-grow ) ) * 100% );--container-widget-height:initial;--container-widget-flex-grow:0;--container-widget-align-self:initial;--flex-wrap-mobile:wrap;--align-items:center;--gap:10px 10px;--row-gap:10px;--column-gap:10px;--overlay-opacity:0.5;--padding-top:300px;--padding-bottom:0px;--padding-left:0px;--padding-right:0px;}.elementor-13533 .elementor-element.elementor-element-26cff47:not(.elementor-motion-effects-element-type-background), .elementor-13533 .elementor-element.elementor-element-26cff47 > .elementor-motion-effects-container > .elementor-motion-effects-layer{background-image:url(\"https:\/\/www.apintesa.com\/wp-content\/uploads\/2025\/10\/closeup-of-house-painting-renovation-e1623048576255.jpg\");background-position:0px 65%;background-size:cover;}.elementor-13533 .elementor-element.elementor-element-26cff47::before, .elementor-13533 .elementor-element.elementor-element-26cff47 > .elementor-background-video-container::before, .elementor-13533 .elementor-element.elementor-element-26cff47 > .e-con-inner > .elementor-background-video-container::before, .elementor-13533 .elementor-element.elementor-element-26cff47 > .elementor-background-slideshow::before, .elementor-13533 .elementor-element.elementor-element-26cff47 > .e-con-inner > .elementor-background-slideshow::before, .elementor-13533 .elementor-element.elementor-element-26cff47 > .elementor-motion-effects-container > .elementor-motion-effects-layer::before{--background-overlay:'';background-color:#20343F;}.elementor-13533 .elementor-element.elementor-element-948643e{--display:flex;--border-radius:14px 14px 14px 0px;--padding-top:25px;--padding-bottom:25px;--padding-left:10px;--padding-right:10px;}.elementor-13533 .elementor-element.elementor-element-948643e:not(.elementor-motion-effects-element-type-background), .elementor-13533 .elementor-element.elementor-element-948643e > .elementor-motion-effects-container > .elementor-motion-effects-layer{background-color:#00334E;}.elementor-13533 .elementor-element.elementor-element-38645d1{text-align:center;}.elementor-13533 .elementor-element.elementor-element-38645d1 .elementor-heading-title{font-family:var( --e-global-typography-c4e0f3c-font-family ), Sans-serif;font-size:var( --e-global-typography-c4e0f3c-font-size );font-weight:var( --e-global-typography-c4e0f3c-font-weight );line-height:var( --e-global-typography-c4e0f3c-line-height );letter-spacing:var( --e-global-typography-c4e0f3c-letter-spacing );word-spacing:var( --e-global-typography-c4e0f3c-word-spacing );color:#FFFFFF;}.elementor-13533 .elementor-element.elementor-element-0bef474 .elementor-icon-list-items:not(.elementor-inline-items) .elementor-icon-list-item:not(:last-child){padding-block-end:calc(6px\/2);}.elementor-13533 .elementor-element.elementor-element-0bef474 .elementor-icon-list-items:not(.elementor-inline-items) .elementor-icon-list-item:not(:first-child){margin-block-start:calc(6px\/2);}.elementor-13533 .elementor-element.elementor-element-0bef474 .elementor-icon-list-items.elementor-inline-items .elementor-icon-list-item{margin-inline:calc(6px\/2);}.elementor-13533 .elementor-element.elementor-element-0bef474 .elementor-icon-list-items.elementor-inline-items{margin-inline:calc(-6px\/2);}.elementor-13533 .elementor-element.elementor-element-0bef474 .elementor-icon-list-items.elementor-inline-items .elementor-icon-list-item:after{inset-inline-end:calc(-6px\/2);}.elementor-13533 .elementor-element.elementor-element-0bef474 .elementor-icon-list-icon i{color:#EA5455;transition:color 0.3s;}.elementor-13533 .elementor-element.elementor-element-0bef474 .elementor-icon-list-icon svg{fill:#EA5455;transition:fill 0.3s;}.elementor-13533 .elementor-element.elementor-element-0bef474{--e-icon-list-icon-size:14px;--e-icon-list-icon-align:center;--e-icon-list-icon-margin:0 calc(var(--e-icon-list-icon-size, 1em) * 0.125);--icon-vertical-offset:0px;}.elementor-13533 .elementor-element.elementor-element-0bef474 .elementor-icon-list-icon{padding-inline-end:6px;}.elementor-13533 .elementor-element.elementor-element-0bef474 .elementor-icon-list-item > .elementor-icon-list-text, .elementor-13533 .elementor-element.elementor-element-0bef474 .elementor-icon-list-item > a{font-family:var( --e-global-typography-051329f-font-family ), Sans-serif;font-size:var( --e-global-typography-051329f-font-size );font-weight:var( --e-global-typography-051329f-font-weight );text-decoration:var( --e-global-typography-051329f-text-decoration );line-height:var( --e-global-typography-051329f-line-height );letter-spacing:var( --e-global-typography-051329f-letter-spacing );word-spacing:var( --e-global-typography-051329f-word-spacing );}.elementor-13533 .elementor-element.elementor-element-0bef474 .elementor-icon-list-text{color:#FFFFFF;transition:color 0.3s;}.elementor-13533 .elementor-element.elementor-element-e1cf2a9{--display:flex;--flex-direction:row;--container-widget-width:calc( ( 1 - var( --container-widget-flex-grow ) ) * 100% );--container-widget-height:100%;--container-widget-flex-grow:1;--container-widget-align-self:stretch;--flex-wrap-mobile:wrap;--align-items:stretch;--padding-top:5em;--padding-bottom:3em;--padding-left:3em;--padding-right:3em;}.elementor-13533 .elementor-element.elementor-element-f313816{--display:flex;}.elementor-13533 .elementor-element.elementor-element-3722fe4{font-family:var( --e-global-typography-051329f-font-family ), Sans-serif;font-size:var( --e-global-typography-051329f-font-size );font-weight:var( --e-global-typography-051329f-font-weight );text-decoration:var( --e-global-typography-051329f-text-decoration );line-height:var( --e-global-typography-051329f-line-height );letter-spacing:var( --e-global-typography-051329f-letter-spacing );word-spacing:var( --e-global-typography-051329f-word-spacing );color:#2D4059;}@media(max-width:1024px){.elementor-13533 .elementor-element.elementor-element-26cff47:not(.elementor-motion-effects-element-type-background), .elementor-13533 .elementor-element.elementor-element-26cff47 > .elementor-motion-effects-container > .elementor-motion-effects-layer{background-position:0px 0px;}.elementor-13533 .elementor-element.elementor-element-38645d1 .elementor-heading-title{font-size:var( --e-global-typography-c4e0f3c-font-size );line-height:var( --e-global-typography-c4e0f3c-line-height );letter-spacing:var( --e-global-typography-c4e0f3c-letter-spacing );word-spacing:var( --e-global-typography-c4e0f3c-word-spacing );}.elementor-13533 .elementor-element.elementor-element-0bef474 .elementor-icon-list-item > .elementor-icon-list-text, .elementor-13533 .elementor-element.elementor-element-0bef474 .elementor-icon-list-item > a{font-size:var( --e-global-typography-051329f-font-size );line-height:var( --e-global-typography-051329f-line-height );letter-spacing:var( --e-global-typography-051329f-letter-spacing );word-spacing:var( --e-global-typography-051329f-word-spacing );}.elementor-13533 .elementor-element.elementor-element-e1cf2a9{--padding-top:2em;--padding-bottom:2em;--padding-left:2em;--padding-right:2em;}.elementor-13533 .elementor-element.elementor-element-f313816{--margin-top:0px;--margin-bottom:30px;--margin-left:0px;--margin-right:0px;}.elementor-13533 .elementor-element.elementor-element-3722fe4{font-size:var( --e-global-typography-051329f-font-size );line-height:var( --e-global-typography-051329f-line-height );letter-spacing:var( --e-global-typography-051329f-letter-spacing );word-spacing:var( --e-global-typography-051329f-word-spacing );}}@media(max-width:767px){.elementor-13533 .elementor-element.elementor-element-26cff47:not(.elementor-motion-effects-element-type-background), .elementor-13533 .elementor-element.elementor-element-26cff47 > .elementor-motion-effects-container > .elementor-motion-effects-layer{background-position:0px 0px;}.elementor-13533 .elementor-element.elementor-element-26cff47{--padding-top:200px;--padding-bottom:0px;--padding-left:0px;--padding-right:0px;}.elementor-13533 .elementor-element.elementor-element-948643e{--border-radius:0px 0px 0px 0px;--margin-top:0px;--margin-bottom:0px;--margin-left:0px;--margin-right:0px;}.elementor-13533 .elementor-element.elementor-element-38645d1 .elementor-heading-title{font-size:var( --e-global-typography-c4e0f3c-font-size );line-height:var( --e-global-typography-c4e0f3c-line-height );letter-spacing:var( --e-global-typography-c4e0f3c-letter-spacing );word-spacing:var( --e-global-typography-c4e0f3c-word-spacing );}.elementor-13533 .elementor-element.elementor-element-0bef474{--e-icon-list-icon-size:13px;}.elementor-13533 .elementor-element.elementor-element-0bef474 .elementor-icon-list-item > .elementor-icon-list-text, .elementor-13533 .elementor-element.elementor-element-0bef474 .elementor-icon-list-item > a{font-size:var( --e-global-typography-051329f-font-size );line-height:var( --e-global-typography-051329f-line-height );letter-spacing:var( --e-global-typography-051329f-letter-spacing );word-spacing:var( --e-global-typography-051329f-word-spacing );}.elementor-13533 .elementor-element.elementor-element-e1cf2a9{--padding-top:1em;--padding-bottom:1em;--padding-left:1em;--padding-right:1em;}.elementor-13533 .elementor-element.elementor-element-f313816{--margin-top:30px;--margin-bottom:0px;--margin-left:0px;--margin-right:0px;}.elementor-13533 .elementor-element.elementor-element-3722fe4{font-size:var( --e-global-typography-051329f-font-size );line-height:var( --e-global-typography-051329f-line-height );letter-spacing:var( --e-global-typography-051329f-letter-spacing );word-spacing:var( --e-global-typography-051329f-word-spacing );}}@media(min-width:768px){.elementor-13533 .elementor-element.elementor-element-26cff47{--content-width:1170px;}.elementor-13533 .elementor-element.elementor-element-948643e{--width:60%;}.elementor-13533 .elementor-element.elementor-element-e1cf2a9{--content-width:1150px;}}@media(max-width:1024px) and (min-width:768px){.elementor-13533 .elementor-element.elementor-element-f313816{--width:100%;}}<\/style>\t\t<div data-elementor-type=\"wp-page\" data-elementor-id=\"13533\" class=\"elementor elementor-13533 elementor-13330\" data-elementor-post-type=\"page\">\n\t\t\t\t<div class=\"elementor-element elementor-element-26cff47 e-flex e-con-boxed e-con e-parent\" data-id=\"26cff47\" data-element_type=\"container\" data-e-type=\"container\" data-settings=\"{&quot;background_background&quot;:&quot;classic&quot;}\">\n\t\t\t\t\t<div class=\"e-con-inner\">\n\t\t<div class=\"elementor-element elementor-element-948643e e-con-full e-flex e-con e-child\" data-id=\"948643e\" data-element_type=\"container\" data-e-type=\"container\" data-settings=\"{&quot;background_background&quot;:&quot;classic&quot;}\">\n\t\t\t\t<div class=\"elementor-element elementor-element-38645d1 elementor-widget elementor-widget-heading\" data-id=\"38645d1\" data-element_type=\"widget\" data-e-type=\"widget\" data-widget_type=\"heading.default\">\n\t\t\t\t\t<h1 class=\"elementor-heading-title elementor-size-default\">Pol\u00edtica de Privacitat<\/h1>\t\t\t\t<\/div>\n\t\t\t\t<div class=\"elementor-element elementor-element-0bef474 elementor-icon-list--layout-inline elementor-align-center elementor-list-item-link-full_width elementor-widget elementor-widget-icon-list\" data-id=\"0bef474\" data-element_type=\"widget\" data-e-type=\"widget\" data-widget_type=\"icon-list.default\">\n\t\t\t\t\t\t\t<ul class=\"elementor-icon-list-items elementor-inline-items\">\n\t\t\t\t\t\t\t<li class=\"elementor-icon-list-item elementor-inline-item\">\n\t\t\t\t\t\t\t\t\t\t\t<a href=\"https:\/\/www.apintesa.com\/ca\/\">\n\n\t\t\t\t\t\t\t\t\t\t\t<span class=\"elementor-icon-list-text\">Home<\/span>\n\t\t\t\t\t\t\t\t\t\t\t<\/a>\n\t\t\t\t\t\t\t\t\t<\/li>\n\t\t\t\t\t\t\t\t<li class=\"elementor-icon-list-item elementor-inline-item\">\n\t\t\t\t\t\t\t\t\t\t\t<span class=\"elementor-icon-list-icon\">\n\t\t\t\t\t\t\t<svg aria-hidden=\"true\" class=\"e-font-icon-svg e-fas-chevron-right\" viewBox=\"0 0 320 512\" xmlns=\"http:\/\/www.w3.org\/2000\/svg\"><path d=\"M285.476 272.971L91.132 467.314c-9.373 9.373-24.569 9.373-33.941 0l-22.667-22.667c-9.357-9.357-9.375-24.522-.04-33.901L188.505 256 34.484 101.255c-9.335-9.379-9.317-24.544.04-33.901l22.667-22.667c9.373-9.373 24.569-9.373 33.941 0L285.475 239.03c9.373 9.372 9.373 24.568.001 33.941z\"><\/path><\/svg>\t\t\t\t\t\t<\/span>\n\t\t\t\t\t\t\t\t\t\t<span class=\"elementor-icon-list-text\">Pol\u00edtica de Privacitat<\/span>\n\t\t\t\t\t\t\t\t\t<\/li>\n\t\t\t\t\t\t<\/ul>\n\t\t\t\t\t\t<\/div>\n\t\t\t\t<\/div>\n\t\t\t\t\t<\/div>\n\t\t\t\t<\/div>\n\t\t<div class=\"elementor-element elementor-element-e1cf2a9 e-flex e-con-boxed e-con e-parent\" data-id=\"e1cf2a9\" data-element_type=\"container\" data-e-type=\"container\">\n\t\t\t\t\t<div class=\"e-con-inner\">\n\t\t<div class=\"elementor-element elementor-element-f313816 e-con-full e-flex e-con e-child\" data-id=\"f313816\" data-element_type=\"container\" data-e-type=\"container\">\n\t\t\t\t<div class=\"elementor-element elementor-element-3722fe4 elementor-widget elementor-widget-text-editor\" data-id=\"3722fe4\" data-element_type=\"widget\" data-e-type=\"widget\" data-widget_type=\"text-editor.default\">\n\t\t\t\t\t\t\t\t\t<p>APINTESA, S.A. garanteix la privacitat de les dades de car\u00e0cter personal aportades pels usuaris, d&#8217;acord amb el Reglament General de Protecci\u00f3 de Dades (RGPD) i altra normativa aplicable.<\/p><p>La visita a aquesta p\u00e0gina web no obliga l&#8217;usuari a facilitar cap informaci\u00f3 personal; no obstant aix\u00f2, durant la navegaci\u00f3 es poden sol\u00b7licitar dades personals a trav\u00e9s de formularis.<\/p><p>Les dades proporcionades seran incorporades a un fitxer responsabilitat d&#8217;APINTESA, S.A. i s&#8217;utilitzaran per atendre les sol\u00b7licituds realitzades, enviar informaci\u00f3 sobre l&#8217;empresa i els serveis sol\u00b7licitats o oferts, i realitzar comunicacions relacionades amb l&#8217;activitat. Per complir aquestes finalitats, l&#8217;interessat autoritza APINTESA, S.A. a cedir les seves dades a empreses associades o col\u00b7laboradores amb les quals existeixin contractes de prestaci\u00f3 de serveis relacionats amb l&#8217;activitat, d&#8217;acord amb els articles 10, 11 i 12 del RGPD, amb la finalitat de prestar un servei adequat en funci\u00f3 de les sol\u00b7licituds de l&#8217;usuari. Enviant els formularis, l&#8217;usuari accepta expressament el tractament de les seves dades per a aquestes finalitats. Les dades es cancel\u00b7laran a petici\u00f3 de l&#8217;interessat o un cop complerta la finalitat per a la qual van ser recollides.   <\/p><h2>Drets de l&#8217;usuari<\/h2><p>Els usuaris poden exercir els seus drets dirigint una comunicaci\u00f3 escrita a APINTESA, S.A., Passeig Europa 42, Local, 08397 Pineda de Mar (Barcelona), o mitjan\u00e7ant correu electr\u00f2nic a <a href=\"mailto:APINTESA@APINTESA.COM\">APINTESA@APINTESA.COM<\/a>, adjuntant c\u00f2pia del seu DNI o un altre document equivalent. Els drets que poden exercir s\u00f3n els seg\u00fcents: <\/p><ul><li><strong>Dret d&#8217;acc\u00e9s:<\/strong> saber si APINTESA, S.A. tracta o no les seves dades personals.<\/li><li><strong>Dret de rectificaci\u00f3:<\/strong> sol\u00b7licitar la modificaci\u00f3 de les dades inexactes o incompletes.<\/li><li><strong>Dret de supressi\u00f3:<\/strong> sol\u00b7licitar l&#8217;eliminaci\u00f3 de les seves dades quan ja no siguin necess\u00e0ries per a les finalitats per a les quals van ser recollides.<\/li><li><strong>Dret a la limitaci\u00f3 del tractament:<\/strong> en aquest cas les dades nom\u00e9s seran conservades per a l&#8217;exercici o defensa de reclamacions.<\/li><li><strong>Dret d&#8217;oposici\u00f3:<\/strong> APINTESA, S.A. deixar\u00e0 de tractar les dades segons el sol\u00b7licitat, excepte per motius leg\u00edtims imperiosos o per a la defensa de reclamacions.<\/li><li><strong>Dret a la portabilitat de les dades:<\/strong> possibilitat de sol\u00b7licitar que les seves dades siguin transmeses a una altra entitat responsable del tractament.<\/li><\/ul><h2>Retirada del consentiment<\/h2><p>En els casos en qu\u00e8 el tractament es basi en el consentiment de l&#8217;usuari, aquest pot retirar-lo en qualsevol moment sense que aix\u00f2 afecti la licitud del tractament previ a la retirada.<\/p><h2>Reclamacions davant l&#8217;autoritat de control<\/h2><p>Si l&#8217;usuari considera que existeix algun problema amb la forma en qu\u00e8 APINTESA, S.A. est\u00e0 gestionant les seves dades, pot dirigir les seves reclamacions a l&#8217;autoritat de protecci\u00f3 de dades competent, sent l&#8217;Ag\u00e8ncia Espanyola de Protecci\u00f3 de Dades (AEPD) a Espanya la indicada.<\/p><h2>Car\u00e0cter obligatori o facultatiu de la informaci\u00f3 sol\u00b7licitada<\/h2><p>La negativa a proporcionar les dades sol\u00b7licitades pot suposar la impossibilitat de prestar el servei o acc\u00e9s al contingut declarat com a necessari. L&#8217;usuari t\u00e9 dret a rebre resposta a qualsevol pregunta o aclariment relacionat amb el tractament de les seves dades. <\/p><h2>Jurisdicci\u00f3<\/h2><p>Per a la resoluci\u00f3 de conflictes relacionats amb aquesta Pol\u00edtica de privacitat, les parts se sotmetran, renunciant expressament a qualsevol altre fur, als jutjats i tribunals del domicili del propietari del lloc web, excepte normativa espec\u00edfica en mat\u00e8ria de consumidors i usuaris.<\/p>\t\t\t\t\t\t\t\t<\/div>\n\t\t\t\t<\/div>\n\t\t\t\t\t<\/div>\n\t\t\t\t<\/div>\n\t\t\t\t<\/div>\n\t\t","protected":false},"excerpt":{"rendered":"<p>Home APINTESA, S.A. garanteix la privacitat de les dades de car\u00e0cter personal aportades pels usuaris, d&#8217;acord amb el Reglament General de Protecci\u00f3 de Dades (RGPD) i altra normativa aplicable. La visita a aquesta p\u00e0gina web no obliga l&#8217;usuari a facilitar cap informaci\u00f3 personal; no obstant aix\u00f2, durant la navegaci\u00f3 es poden sol\u00b7licitar dades personals a [&hellip;]<\/p>\n","protected":false},"author":1,"featured_media":0,"parent":0,"menu_order":0,"comment_status":"closed","ping_status":"closed","template":"","meta":{"footnotes":""},"class_list":["post-13533","page","type-page","status-publish","hentry"],"yoast_head":"<!-- This site is optimized with the Yoast SEO plugin v27.2 - https:\/\/yoast.com\/product\/yoast-seo-wordpress\/ -->\n<title>Pol\u00edtica de Privacitat - Apintesa<\/title>\n<meta name=\"description\" content=\"APINTESA, S.A. garanteix la privacitat de les dades de car\u00e0cter personal aportades pels usuaris, d&#039;acord amb el Reglament General de Protecci\u00f3 de Dades (RGPD) i altra normativa aplicable.\" \/>\n<meta name=\"robots\" content=\"noindex, follow\" \/>\n<meta property=\"og:locale\" content=\"ca_ES\" \/>\n<meta property=\"og:type\" content=\"article\" \/>\n<meta property=\"og:title\" content=\"Pol\u00edtica de Privacitat - Apintesa\" \/>\n<meta property=\"og:description\" content=\"APINTESA, S.A. garanteix la privacitat de les dades de car\u00e0cter personal aportades pels usuaris, d&#039;acord amb el Reglament General de Protecci\u00f3 de Dades (RGPD) i altra normativa aplicable.\" \/>\n<meta property=\"og:url\" content=\"https:\/\/www.apintesa.com\/ca\/politica-de-privacitat\/\" \/>\n<meta property=\"og:site_name\" content=\"Apintesa\" \/>\n<meta property=\"article:modified_time\" content=\"2025-11-28T12:47:36+00:00\" \/>\n<meta name=\"twitter:card\" content=\"summary_large_image\" \/>\n<meta name=\"twitter:label1\" content=\"Temps estimat de lectura\" \/>\n\t<meta name=\"twitter:data1\" content=\"3 minuts\" \/>\n<script type=\"application\/ld+json\" class=\"yoast-schema-graph\">{\"@context\":\"https:\/\/schema.org\",\"@graph\":[{\"@type\":\"WebPage\",\"@id\":\"https:\/\/www.apintesa.com\/ca\/politica-de-privacitat\/\",\"url\":\"https:\/\/www.apintesa.com\/ca\/politica-de-privacitat\/\",\"name\":\"Pol\u00edtica de Privacitat - Apintesa\",\"isPartOf\":{\"@id\":\"https:\/\/www.apintesa.com\/ca\/#website\"},\"datePublished\":\"2025-11-28T10:54:59+00:00\",\"dateModified\":\"2025-11-28T12:47:36+00:00\",\"description\":\"APINTESA, S.A. garanteix la privacitat de les dades de car\u00e0cter personal aportades pels usuaris, d'acord amb el Reglament General de Protecci\u00f3 de Dades (RGPD) i altra normativa aplicable.\",\"breadcrumb\":{\"@id\":\"https:\/\/www.apintesa.com\/ca\/politica-de-privacitat\/#breadcrumb\"},\"inLanguage\":\"ca\",\"potentialAction\":[{\"@type\":\"ReadAction\",\"target\":[\"https:\/\/www.apintesa.com\/ca\/politica-de-privacitat\/\"]}]},{\"@type\":\"BreadcrumbList\",\"@id\":\"https:\/\/www.apintesa.com\/ca\/politica-de-privacitat\/#breadcrumb\",\"itemListElement\":[{\"@type\":\"ListItem\",\"position\":1,\"name\":\"Portada\",\"item\":\"https:\/\/www.apintesa.com\/ca\/inici\/\"},{\"@type\":\"ListItem\",\"position\":2,\"name\":\"Pol\u00edtica de Privacitat\"}]},{\"@type\":\"WebSite\",\"@id\":\"https:\/\/www.apintesa.com\/ca\/#website\",\"url\":\"https:\/\/www.apintesa.com\/ca\/\",\"name\":\"Apintesa\",\"description\":\"Pintura industrial y decorativa\",\"potentialAction\":[{\"@type\":\"SearchAction\",\"target\":{\"@type\":\"EntryPoint\",\"urlTemplate\":\"https:\/\/www.apintesa.com\/ca\/?s={search_term_string}\"},\"query-input\":{\"@type\":\"PropertyValueSpecification\",\"valueRequired\":true,\"valueName\":\"search_term_string\"}}],\"inLanguage\":\"ca\"}]}<\/script>\n<!-- \/ Yoast SEO plugin. -->","yoast_head_json":{"title":"Pol\u00edtica de Privacitat - Apintesa","description":"APINTESA, S.A. garanteix la privacitat de les dades de car\u00e0cter personal aportades pels usuaris, d'acord amb el Reglament General de Protecci\u00f3 de Dades (RGPD) i altra normativa aplicable.","robots":{"index":"noindex","follow":"follow"},"og_locale":"ca_ES","og_type":"article","og_title":"Pol\u00edtica de Privacitat - Apintesa","og_description":"APINTESA, S.A. garanteix la privacitat de les dades de car\u00e0cter personal aportades pels usuaris, d'acord amb el Reglament General de Protecci\u00f3 de Dades (RGPD) i altra normativa aplicable.","og_url":"https:\/\/www.apintesa.com\/ca\/politica-de-privacitat\/","og_site_name":"Apintesa","article_modified_time":"2025-11-28T12:47:36+00:00","twitter_card":"summary_large_image","twitter_misc":{"Temps estimat de lectura":"3 minuts"},"schema":{"@context":"https:\/\/schema.org","@graph":[{"@type":"WebPage","@id":"https:\/\/www.apintesa.com\/ca\/politica-de-privacitat\/","url":"https:\/\/www.apintesa.com\/ca\/politica-de-privacitat\/","name":"Pol\u00edtica de Privacitat - Apintesa","isPartOf":{"@id":"https:\/\/www.apintesa.com\/ca\/#website"},"datePublished":"2025-11-28T10:54:59+00:00","dateModified":"2025-11-28T12:47:36+00:00","description":"APINTESA, S.A. garanteix la privacitat de les dades de car\u00e0cter personal aportades pels usuaris, d'acord amb el Reglament General de Protecci\u00f3 de Dades (RGPD) i altra normativa aplicable.","breadcrumb":{"@id":"https:\/\/www.apintesa.com\/ca\/politica-de-privacitat\/#breadcrumb"},"inLanguage":"ca","potentialAction":[{"@type":"ReadAction","target":["https:\/\/www.apintesa.com\/ca\/politica-de-privacitat\/"]}]},{"@type":"BreadcrumbList","@id":"https:\/\/www.apintesa.com\/ca\/politica-de-privacitat\/#breadcrumb","itemListElement":[{"@type":"ListItem","position":1,"name":"Portada","item":"https:\/\/www.apintesa.com\/ca\/inici\/"},{"@type":"ListItem","position":2,"name":"Pol\u00edtica de Privacitat"}]},{"@type":"WebSite","@id":"https:\/\/www.apintesa.com\/ca\/#website","url":"https:\/\/www.apintesa.com\/ca\/","name":"Apintesa","description":"Pintura industrial y decorativa","potentialAction":[{"@type":"SearchAction","target":{"@type":"EntryPoint","urlTemplate":"https:\/\/www.apintesa.com\/ca\/?s={search_term_string}"},"query-input":{"@type":"PropertyValueSpecification","valueRequired":true,"valueName":"search_term_string"}}],"inLanguage":"ca"}]}},"_links":{"self":[{"href":"https:\/\/www.apintesa.com\/ca\/wp-json\/wp\/v2\/pages\/13533","targetHints":{"allow":["GET"]}}],"collection":[{"href":"https:\/\/www.apintesa.com\/ca\/wp-json\/wp\/v2\/pages"}],"about":[{"href":"https:\/\/www.apintesa.com\/ca\/wp-json\/wp\/v2\/types\/page"}],"author":[{"embeddable":true,"href":"https:\/\/www.apintesa.com\/ca\/wp-json\/wp\/v2\/users\/1"}],"replies":[{"embeddable":true,"href":"https:\/\/www.apintesa.com\/ca\/wp-json\/wp\/v2\/comments?post=13533"}],"version-history":[{"count":0,"href":"https:\/\/www.apintesa.com\/ca\/wp-json\/wp\/v2\/pages\/13533\/revisions"}],"wp:attachment":[{"href":"https:\/\/www.apintesa.com\/ca\/wp-json\/wp\/v2\/media?parent=13533"}],"curies":[{"name":"wp","href":"https:\/\/api.w.org\/{rel}","templated":true}]}}